{"id":641,"date":"2024-06-05T10:42:15","date_gmt":"2024-06-05T10:42:15","guid":{"rendered":"https:\/\/wiesiolka.pl\/?page_id=641"},"modified":"2024-06-19T06:50:36","modified_gmt":"2024-06-19T06:50:36","slug":"pole-kempingowe-i-namiotowe","status":"publish","type":"page","link":"https:\/\/wiesiolka.pl\/index.php\/oferta\/pole-kempingowe-i-namiotowe\/","title":{"rendered":"Pole kempingowe i namiotowe"},"content":{"rendered":"\t\t<div data-elementor-type=\"wp-page\" data-elementor-id=\"641\" class=\"elementor elementor-641\" data-elementor-post-type=\"page\">\n\t\t\t\t<div data-particle_enable=\"false\" data-particle-mobile-disabled=\"false\" class=\"elementor-element elementor-element-01178df e-flex e-con-boxed e-con e-parent\" data-id=\"01178df\" data-element_type=\"container\" data-settings=\"{&quot;background_motion_fx_mouseTrack_effect&quot;:&quot;yes&quot;,&quot;background_motion_fx_mouseTrack_speed&quot;:{&quot;unit&quot;:&quot;px&quot;,&quot;size&quot;:0.2,&quot;sizes&quot;:[]}}\">\n\t\t\t\t\t<div class=\"e-con-inner\">\n\t\t\t\t<div class=\"elementor-element elementor-element-bbae209 elementor-widget elementor-widget-image\" data-id=\"bbae209\" data-element_type=\"widget\" data-widget_type=\"image.default\">\n\t\t\t\t<div class=\"elementor-widget-container\">\n\t\t\t<style>\/*! elementor - v3.23.0 - 15-07-2024 *\/\n.elementor-widget-image{text-align:center}.elementor-widget-image a{display:inline-block}.elementor-widget-image a img[src$=\".svg\"]{width:48px}.elementor-widget-image img{vertical-align:middle;display:inline-block}<\/style>\t\t\t\t\t\t\t\t\t\t<img fetchpriority=\"high\" decoding=\"async\" width=\"720\" height=\"77\" src=\"https:\/\/wiesiolka.pl\/wp-content\/uploads\/2024\/06\/separator.png\" class=\"attachment-full size-full wp-image-130\" alt=\"\" srcset=\"https:\/\/wiesiolka.pl\/wp-content\/uploads\/2024\/06\/separator.png 720w, https:\/\/wiesiolka.pl\/wp-content\/uploads\/2024\/06\/separator-300x32.png 300w\" sizes=\"(max-width: 720px) 100vw, 720px\" \/>\t\t\t\t\t\t\t\t\t\t\t\t\t<\/div>\n\t\t\t\t<\/div>\n\t\t\t\t\t<\/div>\n\t\t\t\t<\/div>\n\t\t<div data-particle_enable=\"false\" data-particle-mobile-disabled=\"false\" class=\"elementor-element elementor-element-b7a788c e-flex e-con-boxed e-con e-parent\" data-id=\"b7a788c\" data-element_type=\"container\">\n\t\t\t\t\t<div class=\"e-con-inner\">\n\t\t<div data-particle_enable=\"false\" data-particle-mobile-disabled=\"false\" class=\"elementor-element elementor-element-2b9380a e-con-full e-flex e-con e-child\" data-id=\"2b9380a\" data-element_type=\"container\">\n\t\t\t\t<div class=\"elementor-element elementor-element-fbdbce6 elementor-widget elementor-widget-image\" data-id=\"fbdbce6\" data-element_type=\"widget\" data-widget_type=\"image.default\">\n\t\t\t\t<div class=\"elementor-widget-container\">\n\t\t\t\t\t\t\t\t\t\t\t\t\t<img decoding=\"async\" width=\"700\" height=\"466\" src=\"https:\/\/wiesiolka.pl\/wp-content\/uploads\/2024\/06\/pole_namiotowe.jpg\" class=\"attachment-large size-large wp-image-326\" alt=\"\" srcset=\"https:\/\/wiesiolka.pl\/wp-content\/uploads\/2024\/06\/pole_namiotowe.jpg 700w, https:\/\/wiesiolka.pl\/wp-content\/uploads\/2024\/06\/pole_namiotowe-300x200.jpg 300w\" sizes=\"(max-width: 700px) 100vw, 700px\" \/>\t\t\t\t\t\t\t\t\t\t\t\t\t<\/div>\n\t\t\t\t<\/div>\n\t\t\t\t<\/div>\n\t\t<div data-particle_enable=\"false\" data-particle-mobile-disabled=\"false\" class=\"elementor-element elementor-element-0b2cb03 e-con-full e-flex e-con e-child\" data-id=\"0b2cb03\" data-element_type=\"container\">\n\t\t\t\t<div class=\"elementor-element elementor-element-09e9a79 elementor-widget elementor-widget-text-editor\" data-id=\"09e9a79\" data-element_type=\"widget\" data-widget_type=\"text-editor.default\">\n\t\t\t\t<div class=\"elementor-widget-container\">\n\t\t\t<style>\/*! elementor - v3.23.0 - 15-07-2024 *\/\n.elementor-widget-text-editor.elementor-drop-cap-view-stacked .elementor-drop-cap{background-color:#69727d;color:#fff}.elementor-widget-text-editor.elementor-drop-cap-view-framed .elementor-drop-cap{color:#69727d;border:3px solid;background-color:transparent}.elementor-widget-text-editor:not(.elementor-drop-cap-view-default) .elementor-drop-cap{margin-top:8px}.elementor-widget-text-editor:not(.elementor-drop-cap-view-default) .elementor-drop-cap-letter{width:1em;height:1em}.elementor-widget-text-editor .elementor-drop-cap{float:left;text-align:center;line-height:1;font-size:50px}.elementor-widget-text-editor .elementor-drop-cap-letter{display:inline-block}<\/style>\t\t\t\t<div class=\"flex-shrink-0 flex flex-col relative items-end\"><div class=\"pt-0.5 juice:pt-0\"><div class=\"gizmo-bot-avatar flex h-6 w-6 items-center justify-center overflow-hidden rounded-full juice:h-8 juice:w-8\"><div class=\"relative p-1 rounded-sm flex items-center justify-center bg-token-main-surface-primary text-token-text-primary h-8 w-8\"><div class=\"flex-shrink-0 flex flex-col relative items-end\"><div class=\"pt-0.5 juice:pt-0\"><div class=\"gizmo-bot-avatar flex h-6 w-6 items-center justify-center overflow-hidden rounded-full juice:h-8 juice:w-8\"><div class=\"relative p-1 rounded-sm flex items-center justify-center bg-token-main-surface-primary text-token-text-primary h-8 w-8\"><p>Odkryj magiczny \u015bwiat pod gwiazdami w naszym urokliwym polu namiotowym i kempingowym, otaczaj\u0105cym nasz pi\u0119kny pa\u0142ac w Wiesi\u00f3\u0142ce. To idealne miejsce dla mi\u0142o\u015bnik\u00f3w natury i outdoorowych przyg\u00f3d, kt\u00f3rzy pragn\u0105 oderwa\u0107 si\u0119 od codzienno\u015bci i zanurzy\u0107 si\u0119 w przyjemnym otoczeniu.<\/p><p>Nasze pole namiotowe oferuje przestrze\u0144 dla os\u00f3b poszukuj\u0105cych kontaktu z natur\u0105 i chc\u0105cych sp\u0119dzi\u0107 noc pod namiotem w malowniczym otoczeniu. Na terenie kempingu zapewniamy wszystkie niezb\u0119dne udogodnienia, takie jak miejsca do rozpalenia ogniska, stanowiska do grillowania oraz punkty sanitarno-higieniczne, aby Tw\u00f3j pobyt by\u0142 komfortowy i bezpieczny.<\/p><p>Dla tych, kt\u00f3rzy preferuj\u0105 bardziej komfortowe warunki, mamy do dyspozycji r\u00f3wnie\u017c miejsca na kemping dla przyczep kempingowych.<\/p><\/div><\/div><\/div><\/div><\/div><\/div><\/div><\/div>\t\t\t\t\t\t<\/div>\n\t\t\t\t<\/div>\n\t\t\t\t<\/div>\n\t\t\t\t\t<\/div>\n\t\t\t\t<\/div>\n\t\t\t\t<\/div>\n\t\t","protected":false},"excerpt":{"rendered":"<p>Odkryj magiczny \u015bwiat pod gwiazdami w naszym urokliwym polu namiotowym i kempingowym, otaczaj\u0105cym nasz pi\u0119kny pa\u0142ac w Wiesi\u00f3\u0142ce. To idealne miejsce dla mi\u0142o\u015bnik\u00f3w natury i outdoorowych przyg\u00f3d, kt\u00f3rzy pragn\u0105 oderwa\u0107 si\u0119 od codzienno\u015bci i zanurzy\u0107 si\u0119 w przyjemnym otoczeniu. Nasze pole namiotowe oferuje przestrze\u0144 dla os\u00f3b poszukuj\u0105cych kontaktu z natur\u0105 i chc\u0105cych sp\u0119dzi\u0107 noc pod [&hellip;]<\/p>\n","protected":false},"author":1,"featured_media":0,"parent":22,"menu_order":0,"comment_status":"closed","ping_status":"closed","template":"elementor_header_footer","meta":{"footnotes":""},"_links":{"self":[{"href":"https:\/\/wiesiolka.pl\/index.php\/wp-json\/wp\/v2\/pages\/641"}],"collection":[{"href":"https:\/\/wiesiolka.pl\/index.php\/wp-json\/wp\/v2\/pages"}],"about":[{"href":"https:\/\/wiesiolka.pl\/index.php\/wp-json\/wp\/v2\/types\/page"}],"author":[{"embeddable":true,"href":"https:\/\/wiesiolka.pl\/index.php\/wp-json\/wp\/v2\/users\/1"}],"replies":[{"embeddable":true,"href":"https:\/\/wiesiolka.pl\/index.php\/wp-json\/wp\/v2\/comments?post=641"}],"version-history":[{"count":10,"href":"https:\/\/wiesiolka.pl\/index.php\/wp-json\/wp\/v2\/pages\/641\/revisions"}],"predecessor-version":[{"id":1721,"href":"https:\/\/wiesiolka.pl\/index.php\/wp-json\/wp\/v2\/pages\/641\/revisions\/1721"}],"up":[{"embeddable":true,"href":"https:\/\/wiesiolka.pl\/index.php\/wp-json\/wp\/v2\/pages\/22"}],"wp:attachment":[{"href":"https:\/\/wiesiolka.pl\/index.php\/wp-json\/wp\/v2\/media?parent=641"}],"curies":[{"name":"wp","href":"https:\/\/api.w.org\/{rel}","templated":true}]}}